{"id":233,"date":"2020-04-06T22:48:11","date_gmt":"2020-04-06T21:48:11","guid":{"rendered":"https:\/\/lechiacchieredilu.it\/?page_id=233"},"modified":"2020-12-16T00:05:35","modified_gmt":"2020-12-15T22:05:35","slug":"luana","status":"publish","type":"page","link":"https:\/\/lechiacchieredilu.it\/index.php\/luana\/","title":{"rendered":"Luana"},"content":{"rendered":"\n<div class=\"wp-block-image is-style-default\"><figure class=\"alignleft size-large is-resized\"><img loading=\"lazy\" decoding=\"async\" src=\"https:\/\/lechiacchieredilu.it\/wp-content\/uploads\/2020\/04\/IMG_0816.jpg\" alt=\"\" class=\"wp-image-232\" width=\"307\" height=\"410\" srcset=\"https:\/\/lechiacchieredilu.it\/wp-content\/uploads\/2020\/04\/IMG_0816.jpg 613w, https:\/\/lechiacchieredilu.it\/wp-content\/uploads\/2020\/04\/IMG_0816-224x300.jpg 224w\" sizes=\"auto, (max-width: 307px) 100vw, 307px\" \/><\/figure><\/div>\n\n\n\n<p class=\"has-drop-cap\">Le Vostre Torte, La Mia Passione &#8230;<br><br><br><br><\/p>\n\n\n\n<p>&#8230; \u00e8 difficile descrivere l&#8217;entusiasmo con il quale si intraprende ogni nuovo progetto, <strong><span class=\"has-inline-color has-vivid-purple-color\">entusiasmo che nasce da ogni piccolo dettaglio che viene discusso, definito, sognato<\/span><\/strong>.<br><br>Perch\u00e9 <span class=\"has-inline-color has-vivid-purple-color\"><strong>ogni nuova torta \u00e8 un pezzo unico e irripetibile<\/strong><\/span> che contiene il desiderio di chi la commissiona e l&#8217;impegno di chi la crea affinch\u00e9 <strong><span class=\"has-inline-color has-vivid-purple-color\">gusto, consistenza e immagine appaghino l&#8217;attesa di un giorno che si chiuder\u00e0 nella dolcezza e nel piacere.<\/span><\/strong><\/p>\n\n\n\n<p><\/p>\n","protected":false},"excerpt":{"rendered":"<p>Le Vostre Torte, La Mia Passione &#8230; &#8230; \u00e8 difficile descrivere l&#8217;entusiasmo con il quale si intraprende ogni nuovo progetto, entusiasmo che nasce da ogni piccolo dettaglio che viene discusso, definito, sognato. Perch\u00e9 ogni nuova torta \u00e8 un pezzo unico e irripetibile che contiene il desiderio di chi la commissiona e l&#8217;impegno di chi la crea affinch\u00e9 gusto, consistenza e immagine appaghino l&#8217;attesa di un giorno che si chiuder\u00e0 nella dolcezza e nel piacere.<\/p>\n","protected":false},"author":1,"featured_media":0,"parent":0,"menu_order":0,"comment_status":"closed","ping_status":"closed","template":"","meta":{"wprm-recipe-roundup-name":"","wprm-recipe-roundup-description":"","footnotes":""},"class_list":["post-233","page","type-page","status-publish","hentry"],"acf":[],"_links":{"self":[{"href":"https:\/\/lechiacchieredilu.it\/index.php\/wp-json\/wp\/v2\/pages\/233","targetHints":{"allow":["GET"]}}],"collection":[{"href":"https:\/\/lechiacchieredilu.it\/index.php\/wp-json\/wp\/v2\/pages"}],"about":[{"href":"https:\/\/lechiacchieredilu.it\/index.php\/wp-json\/wp\/v2\/types\/page"}],"author":[{"embeddable":true,"href":"https:\/\/lechiacchieredilu.it\/index.php\/wp-json\/wp\/v2\/users\/1"}],"replies":[{"embeddable":true,"href":"https:\/\/lechiacchieredilu.it\/index.php\/wp-json\/wp\/v2\/comments?post=233"}],"version-history":[{"count":6,"href":"https:\/\/lechiacchieredilu.it\/index.php\/wp-json\/wp\/v2\/pages\/233\/revisions"}],"predecessor-version":[{"id":242,"href":"https:\/\/lechiacchieredilu.it\/index.php\/wp-json\/wp\/v2\/pages\/233\/revisions\/242"}],"wp:attachment":[{"href":"https:\/\/lechiacchieredilu.it\/index.php\/wp-json\/wp\/v2\/media?parent=233"}],"curies":[{"name":"wp","href":"https:\/\/api.w.org\/{rel}","templated":true}]}}